{"id":84,"date":"2021-01-24T21:08:23","date_gmt":"2021-01-24T21:08:23","guid":{"rendered":"https:\/\/golfm.com.br\/?page_id=84"},"modified":"2026-04-20T20:00:21","modified_gmt":"2026-04-20T20:00:21","slug":"sobre","status":"publish","type":"page","link":"https:\/\/golfm.com.br\/?page_id=84","title":{"rendered":"Sobre"},"content":{"rendered":"\t\t<div data-elementor-type=\"wp-page\" data-elementor-id=\"84\" class=\"elementor elementor-84\" data-elementor-post-type=\"page\">\n\t\t\t\t\t\t<section class=\"elementor-section elementor-top-section elementor-element elementor-element-6301e47 elementor-section-height-min-height elementor-section-boxed elementor-section-height-default elementor-section-items-middle\" data-id=\"6301e47\" data-element_type=\"section\" data-e-type=\"section\" data-settings=\"{&quot;background_background&quot;:&quot;classic&quot;}\">\n\t\t\t\t\t\t<div class=\"elementor-container elementor-column-gap-default\">\n\t\t\t\t\t<div class=\"elementor-column elementor-col-100 elementor-top-column elementor-element elementor-element-0b6f306\" data-id=\"0b6f306\" data-element_type=\"column\" data-e-type=\"column\">\n\t\t\t<div class=\"elementor-widget-wrap elementor-element-populated\">\n\t\t\t\t\t\t<div class=\"elementor-element elementor-element-c9240dc elementor-widget elementor-widget-theme-post-title elementor-page-title elementor-widget-heading\" data-id=\"c9240dc\" data-element_type=\"widget\" data-e-type=\"widget\" data-widget_type=\"theme-post-title.default\">\n\t\t\t\t<div class=\"elementor-widget-container\">\n\t\t\t\t\t<h1 class=\"elementor-heading-title elementor-size-default\">Sobre<\/h1>\t\t\t\t<\/div>\n\t\t\t\t<\/div>\n\t\t\t\t\t<\/div>\n\t\t<\/div>\n\t\t\t\t\t<\/div>\n\t\t<\/section>\n\t\t\t\t<section class=\"elementor-section elementor-top-section elementor-element elementor-element-240f3ebd elementor-section-boxed elementor-section-height-default elementor-section-height-default\" data-id=\"240f3ebd\" data-element_type=\"section\" data-e-type=\"section\">\n\t\t\t\t\t\t<div class=\"elementor-container elementor-column-gap-default\">\n\t\t\t\t\t<div class=\"elementor-column elementor-col-50 elementor-top-column elementor-element elementor-element-6b84fae5\" data-id=\"6b84fae5\" data-element_type=\"column\" data-e-type=\"column\">\n\t\t\t<div class=\"elementor-widget-wrap elementor-element-populated\">\n\t\t\t\t\t\t<div class=\"elementor-element elementor-element-8c89dea elementor-widget elementor-widget-image\" data-id=\"8c89dea\" data-element_type=\"widget\" data-e-type=\"widget\" data-widget_type=\"image.default\">\n\t\t\t\t<div class=\"elementor-widget-container\">\n\t\t\t\t\t\t\t\t\t\t\t\t\t\t\t<img fetchpriority=\"high\" decoding=\"async\" width=\"768\" height=\"576\" src=\"https:\/\/golfm.com.br\/wp-content\/uploads\/2026\/04\/Gol-FM-BR-Estudio-768x576-1.jpg\" class=\"attachment-large size-large wp-image-205051\" alt=\"\" srcset=\"https:\/\/golfm.com.br\/wp-content\/uploads\/2026\/04\/Gol-FM-BR-Estudio-768x576-1.jpg 768w, https:\/\/golfm.com.br\/wp-content\/uploads\/2026\/04\/Gol-FM-BR-Estudio-768x576-1-300x225.jpg 300w\" sizes=\"(max-width: 768px) 100vw, 768px\" \/>\t\t\t\t\t\t\t\t\t\t\t\t\t\t\t<\/div>\n\t\t\t\t<\/div>\n\t\t\t\t\t<\/div>\n\t\t<\/div>\n\t\t\t\t<div class=\"elementor-column elementor-col-50 elementor-top-column elementor-element elementor-element-60ad50c\" data-id=\"60ad50c\" data-element_type=\"column\" data-e-type=\"column\">\n\t\t\t<div class=\"elementor-widget-wrap elementor-element-populated\">\n\t\t\t\t\t\t<div class=\"elementor-element elementor-element-02bc8cf elementor-widget elementor-widget-heading\" data-id=\"02bc8cf\" data-element_type=\"widget\" data-e-type=\"widget\" data-widget_type=\"heading.default\">\n\t\t\t\t<div class=\"elementor-widget-container\">\n\t\t\t\t\t<h2 class=\"elementor-heading-title elementor-size-default\">GOL FM | A Primeira R\u00e1dio do Esporte<\/h2>\t\t\t\t<\/div>\n\t\t\t\t<\/div>\n\t\t\t\t<div class=\"elementor-element elementor-element-a98208f elementor-widget elementor-widget-text-editor\" data-id=\"a98208f\" data-element_type=\"widget\" data-e-type=\"widget\" data-widget_type=\"text-editor.default\">\n\t\t\t\t<div class=\"elementor-widget-container\">\n\t\t\t\t\t\t\t\t\t<p>\u00e9 uma esta\u00e7\u00e3o centrada no desporto, primordialmente no futebol, mas tamb\u00e9m com espa\u00e7o para todas as outras modalidades.<\/p><p>Somos a \u00fanica esta\u00e7\u00e3o de r\u00e1dio brasileira que transmite todos os jogos da S\u00e9rie A do \u201cBrasileir\u00e3o\u201d e ainda os principais encontros da S\u00e9rie B, assim como jogos internacionais da \u201cLa Liga\u201d, em Espanha, \u201cPremier League\u201d, em Inglaterra, \u201cLigue 1\u201d, o campeonato franc\u00eas, \u201cPrimeira Liga\u201d de Portugal e tamb\u00e9m estamos atentos aos campeonatos que acontecem nos pa\u00edses da Am\u00e9rica Latina, al\u00e9m do Brasil, \u00c1frica e at\u00e9 na China, onde o futebol come\u00e7a a ganhar express\u00e3o.<\/p><p>A GOL FM assume-se como uma f\u00e1brica de not\u00edcias desportivas.<\/p><p>Acompanha os principais eventos de deporto espalhados pelo mundo;<br \/>Segue de perto os principais craques do desporto mundial;<br \/>A GOL FM est\u00e1 presente em todos os pa\u00edses da lusofonia, seja com parcerias com r\u00e1dios dos pa\u00edses onde se fala portugu\u00eas ou com frequ\u00eancias pr\u00f3prias.<\/p><p>Com emiss\u00f5es pr\u00f3prias, dirigidas para os mercados onde estamos ou pretendemos vir a operar, queremos dar voz ao que de mais importante acontece no \u00e2mbito do esporte no Brasil, Portugal, Angola, Cabo Verde, Guin\u00e9-Bissau, Mo\u00e7ambique, S\u00e3o Tom\u00e9 e Pr\u00edncipe e Timor Leste.<\/p><p>A GOL FM \u00e9 uma r\u00e1dio alicer\u00e7ada na palavra, na not\u00edcia, na reportagem, no coment\u00e1rio, dando voz a quem a ouve numa perspetiva de interatividade s\u00f3 poss\u00edvel pela aposta nas mais recentes tecnologias. \u00c9 uma esta\u00e7\u00e3o multiplataforma, presente em FM, na internet e na televis\u00e3o, chegando a milh\u00f5es de ouvintes todos os dias.<\/p><p>As nossas emiss\u00f5es proporcionam excelentes oportunidades comerciais para quem aposta em publicidade e sobretudo para quem tem no mercado que fala portugu\u00eas os seus principais clientes.<\/p><p>Estamos dispon\u00edveis para chegar mais longe e para ced\u00eancia ou troca de conte\u00fados com r\u00e1dios parceiras.<\/p><p>Na\u00a0<strong>GOL FM<\/strong>\u00a0queremos estar perto de quem ouve.<\/p><p>Vamos de\u00a0<strong>\u00a0Est\u00fadio M\u00f3vel<\/strong>\u00a0aos est\u00e1dios, aos eventos, aos locais onde est\u00e3o a acontecer as principais provas esportivas.<\/p><p><strong>GOL FM\u00a0<\/strong>uma r\u00e1dio de emo\u00e7\u00f5es fortes!<\/p><p><strong>GOL FM<\/strong>\u00a0\u00e9 uma marca registrada.<\/p>\t\t\t\t\t\t\t\t<\/div>\n\t\t\t\t<\/div>\n\t\t\t\t\t<\/div>\n\t\t<\/div>\n\t\t\t\t\t<\/div>\n\t\t<\/section>\n\t\t\t\t<\/div>\n\t\t","protected":false},"excerpt":{"rendered":"<p>GOL FM | A Primeira R\u00e1dio do Esporte \u00e9 uma esta\u00e7\u00e3o centrada no desporto, primordialmente no futebol, mas tamb\u00e9m com espa\u00e7o para todas as outras modalidades. Somos a \u00fanica esta\u00e7\u00e3o de r\u00e1dio brasileira que transmite todos os jogos da S\u00e9rie A do \u201cBrasileir\u00e3o\u201d e ainda os principais encontros da S\u00e9rie B, assim como jogos internacionais [&hellip;]<\/p>\n","protected":false},"author":1,"featured_media":162,"parent":0,"menu_order":0,"comment_status":"closed","ping_status":"closed","template":"elementor_header_footer","meta":{"footnotes":""},"class_list":["post-84","page","type-page","status-publish","has-post-thumbnail","hentry"],"acf":[],"_links":{"self":[{"href":"https:\/\/golfm.com.br\/index.php?rest_route=\/wp\/v2\/pages\/84","targetHints":{"allow":["GET"]}}],"collection":[{"href":"https:\/\/golfm.com.br\/index.php?rest_route=\/wp\/v2\/pages"}],"about":[{"href":"https:\/\/golfm.com.br\/index.php?rest_route=\/wp\/v2\/types\/page"}],"author":[{"embeddable":true,"href":"https:\/\/golfm.com.br\/index.php?rest_route=\/wp\/v2\/users\/1"}],"replies":[{"embeddable":true,"href":"https:\/\/golfm.com.br\/index.php?rest_route=%2Fwp%2Fv2%2Fcomments&post=84"}],"version-history":[{"count":10,"href":"https:\/\/golfm.com.br\/index.php?rest_route=\/wp\/v2\/pages\/84\/revisions"}],"predecessor-version":[{"id":205108,"href":"https:\/\/golfm.com.br\/index.php?rest_route=\/wp\/v2\/pages\/84\/revisions\/205108"}],"wp:featuredmedia":[{"embeddable":true,"href":"https:\/\/golfm.com.br\/index.php?rest_route=\/wp\/v2\/media\/162"}],"wp:attachment":[{"href":"https:\/\/golfm.com.br\/index.php?rest_route=%2Fwp%2Fv2%2Fmedia&parent=84"}],"curies":[{"name":"wp","href":"https:\/\/api.w.org\/{rel}","templated":true}]}}