{"id":242,"date":"2021-07-19T11:20:24","date_gmt":"2021-07-19T11:20:24","guid":{"rendered":"https:\/\/golfm.com.br\/?page_id=242"},"modified":"2026-04-20T20:00:06","modified_gmt":"2026-04-20T20:00:06","slug":"obrigado","status":"publish","type":"page","link":"https:\/\/golfm.com.br\/?page_id=242","title":{"rendered":"Obrigado"},"content":{"rendered":"\t\t<div data-elementor-type=\"wp-page\" data-elementor-id=\"242\" class=\"elementor elementor-242\" data-elementor-post-type=\"page\">\n\t\t\t\t\t\t<section class=\"elementor-section elementor-top-section elementor-element elementor-element-f13a3de elementor-section-height-min-height elementor-section-boxed elementor-section-height-default elementor-section-items-middle\" data-id=\"f13a3de\" data-element_type=\"section\" data-e-type=\"section\" data-settings=\"{&quot;background_background&quot;:&quot;classic&quot;}\">\n\t\t\t\t\t\t<div class=\"elementor-container elementor-column-gap-default\">\n\t\t\t\t\t<div class=\"elementor-column elementor-col-100 elementor-top-column elementor-element elementor-element-f4ddd66\" data-id=\"f4ddd66\" data-element_type=\"column\" data-e-type=\"column\">\n\t\t\t<div class=\"elementor-widget-wrap elementor-element-populated\">\n\t\t\t\t\t\t<div class=\"elementor-element elementor-element-2d7a85a elementor-widget elementor-widget-theme-post-title elementor-page-title elementor-widget-heading\" data-id=\"2d7a85a\" data-element_type=\"widget\" data-e-type=\"widget\" data-widget_type=\"theme-post-title.default\">\n\t\t\t\t<div class=\"elementor-widget-container\">\n\t\t\t\t\t<h1 class=\"elementor-heading-title elementor-size-default\">Obrigado<\/h1>\t\t\t\t<\/div>\n\t\t\t\t<\/div>\n\t\t\t\t\t<\/div>\n\t\t<\/div>\n\t\t\t\t\t<\/div>\n\t\t<\/section>\n\t\t\t\t<section class=\"elementor-section elementor-top-section elementor-element elementor-element-f37197 elementor-section-boxed elementor-section-height-default elementor-section-height-default\" data-id=\"f37197\" data-element_type=\"section\" data-e-type=\"section\">\n\t\t\t\t\t\t<div class=\"elementor-container elementor-column-gap-default\">\n\t\t\t\t\t<div class=\"elementor-column elementor-col-100 elementor-top-column elementor-element elementor-element-75569414\" data-id=\"75569414\" data-element_type=\"column\" data-e-type=\"column\">\n\t\t\t<div class=\"elementor-widget-wrap elementor-element-populated\">\n\t\t\t\t\t\t<div class=\"elementor-element elementor-element-9d37f75 elementor-widget elementor-widget-text-editor\" data-id=\"9d37f75\" data-element_type=\"widget\" data-e-type=\"widget\" data-widget_type=\"text-editor.default\">\n\t\t\t\t<div class=\"elementor-widget-container\">\n\t\t\t\t\t\t\t\t\t<p>Agradecemos o seu interesse.\u00a0<\/p><p>Brevemente a nossa equipa ir\u00e1 entrar em contacto para, juntos encontrar-mos respostas para todas as quest\u00f5es que possa ter.<\/p><p>Caso deseje, poder\u00e1 ainda contactar-nos pelo <a href=\"https:\/\/golfm.com.br\/contactos\/\">telefone<\/a> ou <a href=\"https:\/\/golfm.com.br\/contactos\/\">email<\/a>.<\/p>\t\t\t\t\t\t\t\t<\/div>\n\t\t\t\t<\/div>\n\t\t\t\t<div class=\"elementor-element elementor-element-c6c1fff elementor-widget elementor-widget-spacer\" data-id=\"c6c1fff\" data-element_type=\"widget\" data-e-type=\"widget\" data-widget_type=\"spacer.default\">\n\t\t\t\t<div class=\"elementor-widget-container\">\n\t\t\t\t\t\t\t<div class=\"elementor-spacer\">\n\t\t\t<div class=\"elementor-spacer-inner\"><\/div>\n\t\t<\/div>\n\t\t\t\t\t\t<\/div>\n\t\t\t\t<\/div>\n\t\t\t\t<div class=\"elementor-element elementor-element-b4932ab elementor-widget elementor-widget-heading\" data-id=\"b4932ab\" data-element_type=\"widget\" data-e-type=\"widget\" data-widget_type=\"heading.default\">\n\t\t\t\t<div class=\"elementor-widget-container\">\n\t\t\t\t\t<h2 class=\"elementor-heading-title elementor-size-default\">Novidades<\/h2>\t\t\t\t<\/div>\n\t\t\t\t<\/div>\n\t\t\t\t<div class=\"elementor-element elementor-element-c2066df elementor-grid-3 elementor-grid-tablet-2 elementor-grid-mobile-1 elementor-posts--thumbnail-top elementor-widget elementor-widget-posts\" data-id=\"c2066df\" data-element_type=\"widget\" data-e-type=\"widget\" data-settings=\"{&quot;classic_columns&quot;:&quot;3&quot;,&quot;classic_columns_tablet&quot;:&quot;2&quot;,&quot;classic_columns_mobile&quot;:&quot;1&quot;,&quot;classic_row_gap&quot;:{&quot;unit&quot;:&quot;px&quot;,&quot;size&quot;:35,&quot;sizes&quot;:[]},&quot;classic_row_gap_tablet&quot;:{&quot;unit&quot;:&quot;px&quot;,&quot;size&quot;:&quot;&quot;,&quot;sizes&quot;:[]},&quot;classic_row_gap_mobile&quot;:{&quot;unit&quot;:&quot;px&quot;,&quot;size&quot;:&quot;&quot;,&quot;sizes&quot;:[]}}\" data-widget_type=\"posts.classic\">\n\t\t\t\t<div class=\"elementor-widget-container\">\n\t\t\t\t\t\t\t<div class=\"elementor-posts-container elementor-posts elementor-posts--skin-classic elementor-grid\" role=\"list\">\n\t\t\t\t<article class=\"elementor-post elementor-grid-item post-205208 post type-post status-publish format-standard has-post-thumbnail hentry category-futebol-nacional\" role=\"listitem\">\n\t\t\t\t<a class=\"elementor-post__thumbnail__link\" href=\"https:\/\/golfm.com.br\/?p=205208\" tabindex=\"-1\" >\n\t\t\t<div class=\"elementor-post__thumbnail\"><img fetchpriority=\"high\" decoding=\"async\" width=\"300\" height=\"200\" src=\"https:\/\/golfm.com.br\/wp-content\/uploads\/2026\/04\/maxresdefaultphoto_23284-300x200.jpg\" class=\"attachment-medium size-medium wp-image-205209\" alt=\"\" srcset=\"https:\/\/golfm.com.br\/wp-content\/uploads\/2026\/04\/maxresdefaultphoto_23284-300x200.jpg 300w, https:\/\/golfm.com.br\/wp-content\/uploads\/2026\/04\/maxresdefaultphoto_23284-1024x683.jpg 1024w, https:\/\/golfm.com.br\/wp-content\/uploads\/2026\/04\/maxresdefaultphoto_23284-768x512.jpg 768w, https:\/\/golfm.com.br\/wp-content\/uploads\/2026\/04\/maxresdefaultphoto_23284.jpg 1080w\" sizes=\"(max-width: 300px) 100vw, 300px\" \/><\/div>\n\t\t<\/a>\n\t\t\t\t<div class=\"elementor-post__text\">\n\t\t\t\t<h3 class=\"elementor-post__title\">\n\t\t\t<a href=\"https:\/\/golfm.com.br\/?p=205208\" >\n\t\t\t\tCBF anuncia convocados do Brasil para Mundial 2026 em evento no Rio\t\t\t<\/a>\n\t\t<\/h3>\n\t\t\t\t<div class=\"elementor-post__excerpt\">\n\t\t\t<p>Lista comandada por Ancelotti ser\u00e1 revelada em 18 de maio no Museu do Amanh\u00e3; Brasil abre prepara\u00e7\u00e3o em Teres\u00f3polis e joga amistosos antes do torneio<\/p>\n\t\t<\/div>\n\t\t\n\t\t<a class=\"elementor-post__read-more\" href=\"https:\/\/golfm.com.br\/?p=205208\" aria-label=\"Read more about CBF anuncia convocados do Brasil para Mundial 2026 em evento no Rio\" tabindex=\"-1\" >\n\t\t\tLer mais \u00bb\t\t<\/a>\n\n\t\t\t\t<\/div>\n\t\t\t\t<\/article>\n\t\t\t\t<article class=\"elementor-post elementor-grid-item post-205196 post type-post status-publish format-standard has-post-thumbnail hentry category-futebol-internacional\" role=\"listitem\">\n\t\t\t\t<a class=\"elementor-post__thumbnail__link\" href=\"https:\/\/golfm.com.br\/?p=205196\" tabindex=\"-1\" >\n\t\t\t<div class=\"elementor-post__thumbnail\"><img decoding=\"async\" width=\"300\" height=\"200\" src=\"https:\/\/golfm.com.br\/wp-content\/uploads\/2026\/04\/iPiccy-img_-_2026-04-24T213807.445-300x200.webp\" class=\"attachment-medium size-medium wp-image-205197\" alt=\"\" srcset=\"https:\/\/golfm.com.br\/wp-content\/uploads\/2026\/04\/iPiccy-img_-_2026-04-24T213807.445-300x200.webp 300w, https:\/\/golfm.com.br\/wp-content\/uploads\/2026\/04\/iPiccy-img_-_2026-04-24T213807.445-1024x683.webp 1024w, https:\/\/golfm.com.br\/wp-content\/uploads\/2026\/04\/iPiccy-img_-_2026-04-24T213807.445-768x512.webp 768w, https:\/\/golfm.com.br\/wp-content\/uploads\/2026\/04\/iPiccy-img_-_2026-04-24T213807.445.webp 1080w\" sizes=\"(max-width: 300px) 100vw, 300px\" \/><\/div>\n\t\t<\/a>\n\t\t\t\t<div class=\"elementor-post__text\">\n\t\t\t\t<h3 class=\"elementor-post__title\">\n\t\t\t<a href=\"https:\/\/golfm.com.br\/?p=205196\" >\n\t\t\t\tReal Madrid empata com Betis e fica mais distante do t\u00edtulo espanhol\t\t\t<\/a>\n\t\t<\/h3>\n\t\t\t\t<div class=\"elementor-post__excerpt\">\n\t\t\t<p>Gol de Hector Beller\u00edn nos acr\u00e9scimos impede vit\u00f3ria merengue, que segue 8 pontos atr\u00e1s do l\u00edder Barcelona na La Liga.<\/p>\n\t\t<\/div>\n\t\t\n\t\t<a class=\"elementor-post__read-more\" href=\"https:\/\/golfm.com.br\/?p=205196\" aria-label=\"Read more about Real Madrid empata com Betis e fica mais distante do t\u00edtulo espanhol\" tabindex=\"-1\" >\n\t\t\tLer mais \u00bb\t\t<\/a>\n\n\t\t\t\t<\/div>\n\t\t\t\t<\/article>\n\t\t\t\t<article class=\"elementor-post elementor-grid-item post-205193 post type-post status-publish format-standard has-post-thumbnail hentry category-futebol-internacional\" role=\"listitem\">\n\t\t\t\t<a class=\"elementor-post__thumbnail__link\" href=\"https:\/\/golfm.com.br\/?p=205193\" tabindex=\"-1\" >\n\t\t\t<div class=\"elementor-post__thumbnail\"><img decoding=\"async\" width=\"300\" height=\"200\" src=\"https:\/\/golfm.com.br\/wp-content\/uploads\/2026\/04\/464371482_28395269233405650_2365737968718309870_n_1-300x200.jpg\" class=\"attachment-medium size-medium wp-image-205194\" alt=\"\" srcset=\"https:\/\/golfm.com.br\/wp-content\/uploads\/2026\/04\/464371482_28395269233405650_2365737968718309870_n_1-300x200.jpg 300w, https:\/\/golfm.com.br\/wp-content\/uploads\/2026\/04\/464371482_28395269233405650_2365737968718309870_n_1-1024x683.jpg 1024w, https:\/\/golfm.com.br\/wp-content\/uploads\/2026\/04\/464371482_28395269233405650_2365737968718309870_n_1-768x512.jpg 768w, https:\/\/golfm.com.br\/wp-content\/uploads\/2026\/04\/464371482_28395269233405650_2365737968718309870_n_1.jpg 1080w\" sizes=\"(max-width: 300px) 100vw, 300px\" \/><\/div>\n\t\t<\/a>\n\t\t\t\t<div class=\"elementor-post__text\">\n\t\t\t\t<h3 class=\"elementor-post__title\">\n\t\t\t<a href=\"https:\/\/golfm.com.br\/?p=205193\" >\n\t\t\t\tEx-jogador nigeriano Michael Eneramo morre aos 38 anos durante partida\t\t\t<\/a>\n\t\t<\/h3>\n\t\t\t\t<div class=\"elementor-post__excerpt\">\n\t\t\t<p>Antigo internacional das &#8216;Super \u00c1guias&#8217; sofreu paragem card\u00edaca em jogo amistoso na Nig\u00e9ria. Federa\u00e7\u00e3o de Futebol e ex-clubes prestam homenagens.<\/p>\n\t\t<\/div>\n\t\t\n\t\t<a class=\"elementor-post__read-more\" href=\"https:\/\/golfm.com.br\/?p=205193\" aria-label=\"Read more about Ex-jogador nigeriano Michael Eneramo morre aos 38 anos durante partida\" tabindex=\"-1\" >\n\t\t\tLer mais \u00bb\t\t<\/a>\n\n\t\t\t\t<\/div>\n\t\t\t\t<\/article>\n\t\t\t\t<\/div>\n\t\t\n\t\t\t\t\t\t<\/div>\n\t\t\t\t<\/div>\n\t\t\t\t\t<\/div>\n\t\t<\/div>\n\t\t\t\t\t<\/div>\n\t\t<\/section>\n\t\t\t\t<\/div>\n\t\t","protected":false},"excerpt":{"rendered":"<p>Agradecemos o seu interesse.\u00a0 Brevemente a nossa equipa ir\u00e1 entrar em contacto para, juntos encontrar-mos respostas para todas as quest\u00f5es que possa ter. Caso deseje, poder\u00e1 ainda contactar-nos pelo telefone ou email. Novidades<\/p>\n","protected":false},"author":1,"featured_media":162,"parent":0,"menu_order":0,"comment_status":"closed","ping_status":"closed","template":"elementor_header_footer","meta":{"footnotes":""},"class_list":["post-242","page","type-page","status-publish","has-post-thumbnail","hentry"],"acf":[],"_links":{"self":[{"href":"https:\/\/golfm.com.br\/index.php?rest_route=\/wp\/v2\/pages\/242","targetHints":{"allow":["GET"]}}],"collection":[{"href":"https:\/\/golfm.com.br\/index.php?rest_route=\/wp\/v2\/pages"}],"about":[{"href":"https:\/\/golfm.com.br\/index.php?rest_route=\/wp\/v2\/types\/page"}],"author":[{"embeddable":true,"href":"https:\/\/golfm.com.br\/index.php?rest_route=\/wp\/v2\/users\/1"}],"replies":[{"embeddable":true,"href":"https:\/\/golfm.com.br\/index.php?rest_route=%2Fwp%2Fv2%2Fcomments&post=242"}],"version-history":[{"count":3,"href":"https:\/\/golfm.com.br\/index.php?rest_route=\/wp\/v2\/pages\/242\/revisions"}],"predecessor-version":[{"id":205102,"href":"https:\/\/golfm.com.br\/index.php?rest_route=\/wp\/v2\/pages\/242\/revisions\/205102"}],"wp:featuredmedia":[{"embeddable":true,"href":"https:\/\/golfm.com.br\/index.php?rest_route=\/wp\/v2\/media\/162"}],"wp:attachment":[{"href":"https:\/\/golfm.com.br\/index.php?rest_route=%2Fwp%2Fv2%2Fmedia&parent=242"}],"curies":[{"name":"wp","href":"https:\/\/api.w.org\/{rel}","templated":true}]}}