{"id":204947,"date":"2026-04-20T17:59:00","date_gmt":"2026-04-20T17:59:00","guid":{"rendered":"https:\/\/golfm.com.br\/?page_id=204947"},"modified":"2026-04-20T19:35:16","modified_gmt":"2026-04-20T19:35:16","slug":"ficha-tecnica","status":"publish","type":"page","link":"https:\/\/golfm.com.br\/?page_id=204947","title":{"rendered":"Ficha T\u00e9cnica"},"content":{"rendered":"\n<p><strong>| Diretor de Jornalismo |<\/strong><\/p>\n\n\n\n<p>Jo\u00e3o Vinhas |<\/p>\n\n\n\n<p><strong>| Editor de Conte\u00fados |<\/strong><\/p>\n\n\n\n<p>Paulo Seabra&nbsp;<\/p>\n\n\n\n<p><strong>| Jornalistas |<\/strong><\/p>\n\n\n\n<p>Marcus Cassino<\/p>\n\n\n\n<p><strong>| Conte\u00fados |&nbsp;<\/strong><\/p>\n\n\n\n<p>Ednaldo Vince<\/p>\n\n\n\n<p>Jo\u00e3o Vinhas<\/p>\n\n\n\n<p>Nilson Duarte<\/p>\n\n\n\n<p>Ana Basto<\/p>\n\n\n\n<p><strong>| Comentadores |&nbsp;<\/strong><\/p>\n\n\n\n<p>Josimar Pereira<\/p>\n\n\n\n<p>Wagner Silva<\/p>\n\n\n\n<p><strong>| Ano de Funda\u00e7\u00e3o |&nbsp;<\/strong><\/p>\n\n\n\n<p>2023<\/p>\n\n\n\n<p><strong>| Periodicidade |<\/strong><\/p>\n\n\n\n<p>Di\u00e1ria<\/p>\n\n\n\n<p><strong>| Propriedade |&nbsp;<\/strong><\/p>\n\n\n\n<p>Gol FM R\u00e1dio e Publicidade<\/p>\n\n\n\n<p>S\u00e3o Paulo | Brasil<\/p>\n\n\n\n<p>CNPJ: 07.551.962\/0001-88<\/p>\n\n\n\n<p><strong>| Contatos |&nbsp;<\/strong><\/p>\n\n\n\n<p>T. +55 (11) 91717-1100 (S\u00e3o Paulo | Brasil)<\/p>\n\n\n\n<p>e-mail administrativo:&nbsp;<a href=\"mailto:correio@golo.fm\" target=\"_blank\" rel=\"noreferrer noopener\">contato@golfm.com.br<\/a><\/p>\n\n\n\n<p><strong>| Reda\u00e7\u00e3o por pa\u00eds |<\/strong><\/p>\n\n\n\n<p>e-mail:&nbsp;<a href=\"mailto:brasil@golfm.com.br\" target=\"_blank\" rel=\"noreferrer noopener\">brasil@golfm.com.br<\/a><\/p>\n\n\n\n<p>e-mail:&nbsp;<a href=\"mailto:portugal@golo.fm\" target=\"_blank\" rel=\"noreferrer noopener\">portugal@golo.fm<\/a><\/p>\n\n\n\n<p>e-mail:&nbsp;<a href=\"mailto:angola@golo.fm\" target=\"_blank\" rel=\"noreferrer noopener\">angola@golo.fm<\/a><\/p>\n\n\n\n<p>e-mail:&nbsp;<a href=\"mailto:caboverde@golo.fm\" target=\"_blank\" rel=\"noreferrer noopener\">caboverde@golo.fm<\/a><\/p>\n\n\n\n<p>e-mail:&nbsp;<a href=\"mailto:guine-bissau@golo.fm\" target=\"_blank\" rel=\"noreferrer noopener\">guine-bissau@golo.fm<\/a><\/p>\n\n\n\n<p>e-mail:&nbsp;<a href=\"mailto:mocambique@golo.fm\" target=\"_blank\" rel=\"noreferrer noopener\">mocambique@golo.fm<\/a><\/p>\n\n\n\n<p>e-mail:&nbsp;<a href=\"mailto:saotome@golo.fm\" target=\"_blank\" rel=\"noreferrer noopener\">saotome@golo.fm<\/a><\/p>\n\n\n\n<p><strong>| Marca Registrada \u201cGol FM\u201d |<\/strong><\/p>\n","protected":false},"excerpt":{"rendered":"<p>| Diretor de Jornalismo | Jo\u00e3o Vinhas | | Editor de Conte\u00fados | Paulo Seabra&nbsp; | Jornalistas | Marcus Cassino | Conte\u00fados |&nbsp; Ednaldo Vince Jo\u00e3o Vinhas Nilson Duarte Ana Basto | Comentadores |&nbsp; Josimar Pereira Wagner Silva | Ano de Funda\u00e7\u00e3o |&nbsp; 2023 | Periodicidade | Di\u00e1ria | Propriedade |&nbsp; Gol FM R\u00e1dio e [&hellip;]<\/p>\n","protected":false},"author":1,"featured_media":0,"parent":0,"menu_order":4,"comment_status":"closed","ping_status":"closed","template":"","meta":{"footnotes":""},"class_list":["post-204947","page","type-page","status-publish","hentry"],"acf":[],"_links":{"self":[{"href":"https:\/\/golfm.com.br\/index.php?rest_route=\/wp\/v2\/pages\/204947","targetHints":{"allow":["GET"]}}],"collection":[{"href":"https:\/\/golfm.com.br\/index.php?rest_route=\/wp\/v2\/pages"}],"about":[{"href":"https:\/\/golfm.com.br\/index.php?rest_route=\/wp\/v2\/types\/page"}],"author":[{"embeddable":true,"href":"https:\/\/golfm.com.br\/index.php?rest_route=\/wp\/v2\/users\/1"}],"replies":[{"embeddable":true,"href":"https:\/\/golfm.com.br\/index.php?rest_route=%2Fwp%2Fv2%2Fcomments&post=204947"}],"version-history":[{"count":2,"href":"https:\/\/golfm.com.br\/index.php?rest_route=\/wp\/v2\/pages\/204947\/revisions"}],"predecessor-version":[{"id":205043,"href":"https:\/\/golfm.com.br\/index.php?rest_route=\/wp\/v2\/pages\/204947\/revisions\/205043"}],"wp:attachment":[{"href":"https:\/\/golfm.com.br\/index.php?rest_route=%2Fwp%2Fv2%2Fmedia&parent=204947"}],"curies":[{"name":"wp","href":"https:\/\/api.w.org\/{rel}","templated":true}]}}