{"id":204945,"date":"2026-04-20T17:58:14","date_gmt":"2026-04-20T17:58:14","guid":{"rendered":"https:\/\/golfm.com.br\/?page_id=204945"},"modified":"2026-04-20T19:33:49","modified_gmt":"2026-04-20T19:33:49","slug":"responsabilidade-social","status":"publish","type":"page","link":"https:\/\/golfm.com.br\/?page_id=204945","title":{"rendered":"Responsabilidade Social"},"content":{"rendered":"\n<p>Na Gol FM estamos profundamente envolvidos com as comunidades onde estamos presentes.<\/p>\n\n\n\n<p>Procuramos influenci\u00e1-las positivamente, do ponto de vista social e econ\u00f3mico, atrav\u00e9s dos nossos produtos, servi\u00e7os e do emprego que geramos.<\/p>\n\n\n\n<p>Acreditamos que a boa conduta empresarial \u00e9 um elemento essencial no fortalecimento e consolida\u00e7\u00e3o da Gol FM. Al\u00e9m de contribuir para a valoriza\u00e7\u00e3o da empresa e ter um impacto positivo na sua sustentabilidade, \u00e9 um fator de desenvolvimento de elevados \u00edndices de confian\u00e7a junto dos nossos clientes e parceiros.<\/p>\n\n\n\n<p>Desta forma, a nossa conduta rege-se por padr\u00f5es de decis\u00e3o e pr\u00e1ticas que promovam:<\/p>\n\n\n\n<ul class=\"wp-block-list\">\n<li>Uma cultura de integridade, transpar\u00eancia e igualdade de oportunidades;<\/li>\n\n\n\n<li>Uma pol\u00edtica comercial \u00e9tica e respons\u00e1vel;<\/li>\n\n\n\n<li>Uma cultura de rigor, com o respeito e cumprimento das leis, regulamentos, normas e diretrizes aplic\u00e1veis no pa\u00eds.<\/li>\n<\/ul>\n\n\n\n<p>A atua\u00e7\u00e3o da Gol FM fundamenta-se nos princ\u00edpios do respeito e tratamento digno de cada indiv\u00edduo, quer nos processos de recrutamento e sele\u00e7\u00e3o, quer ao n\u00edvel do desenvolvimento profissional e avalia\u00e7\u00e3o de desempenho, proibindo qualquer pr\u00e1tica, direta ou indireta, de discrimina\u00e7\u00e3o e fomentando uma cultura de justi\u00e7a e meritocracia.<\/p>\n\n\n\n<p>O C\u00f3digo de Conduta \u00e9 dado a conhecer a todos os colaboradores e reflete os princ\u00edpios e valores \u00e9ticos que orientam o comportamento e decis\u00f5es da Gol FM, no desempenho das suas atividades e na rela\u00e7\u00e3o com as demais partes interessadas.<\/p>\n","protected":false},"excerpt":{"rendered":"<p>Na Gol FM estamos profundamente envolvidos com as comunidades onde estamos presentes. Procuramos influenci\u00e1-las positivamente, do ponto de vista social e econ\u00f3mico, atrav\u00e9s dos nossos produtos, servi\u00e7os e do emprego que geramos. Acreditamos que a boa conduta empresarial \u00e9 um elemento essencial no fortalecimento e consolida\u00e7\u00e3o da Gol FM. Al\u00e9m de contribuir para a valoriza\u00e7\u00e3o [&hellip;]<\/p>\n","protected":false},"author":1,"featured_media":0,"parent":0,"menu_order":4,"comment_status":"closed","ping_status":"closed","template":"","meta":{"footnotes":""},"class_list":["post-204945","page","type-page","status-publish","hentry"],"acf":[],"_links":{"self":[{"href":"https:\/\/golfm.com.br\/index.php?rest_route=\/wp\/v2\/pages\/204945","targetHints":{"allow":["GET"]}}],"collection":[{"href":"https:\/\/golfm.com.br\/index.php?rest_route=\/wp\/v2\/pages"}],"about":[{"href":"https:\/\/golfm.com.br\/index.php?rest_route=\/wp\/v2\/types\/page"}],"author":[{"embeddable":true,"href":"https:\/\/golfm.com.br\/index.php?rest_route=\/wp\/v2\/users\/1"}],"replies":[{"embeddable":true,"href":"https:\/\/golfm.com.br\/index.php?rest_route=%2Fwp%2Fv2%2Fcomments&post=204945"}],"version-history":[{"count":2,"href":"https:\/\/golfm.com.br\/index.php?rest_route=\/wp\/v2\/pages\/204945\/revisions"}],"predecessor-version":[{"id":205039,"href":"https:\/\/golfm.com.br\/index.php?rest_route=\/wp\/v2\/pages\/204945\/revisions\/205039"}],"wp:attachment":[{"href":"https:\/\/golfm.com.br\/index.php?rest_route=%2Fwp%2Fv2%2Fmedia&parent=204945"}],"curies":[{"name":"wp","href":"https:\/\/api.w.org\/{rel}","templated":true}]}}