{"id":204943,"date":"2026-04-20T17:57:44","date_gmt":"2026-04-20T17:57:44","guid":{"rendered":"https:\/\/golfm.com.br\/?page_id=204943"},"modified":"2026-04-20T19:37:50","modified_gmt":"2026-04-20T19:37:50","slug":"recursos-humanos-e-recrutamento","status":"publish","type":"page","link":"https:\/\/golfm.com.br\/?page_id=204943","title":{"rendered":"Recursos Humanos e Recrutamento"},"content":{"rendered":"\n<p>Um dos pontos fulcrais da estrat\u00e9gia da Gol FM \u00e9 ser um empregador atrativo nos v\u00e1rios sectores de neg\u00f3cio que desenvolve. Para alcan\u00e7ar este objetivo a Gol FM cumpre a responsabilidade para com os seus colaboradores atrav\u00e9s de uma gest\u00e3o de recursos humanos que promove a sa\u00fade, compet\u00eancias e dedica\u00e7\u00e3o de cada indiv\u00edduo.<\/p>\n\n\n\n<p>Promovemos uma cultura de valoriza\u00e7\u00e3o profissional, objetivos ambiciosos, inova\u00e7\u00e3o e pioneirismo.<\/p>\n\n\n\n<p>Oferecemos percursos profissionais desafiantes onde as nossas pessoas t\u00eam a oportunidade de fazer a diferen\u00e7a no neg\u00f3cio e nas comunidades onde desenvolvemos as nossas atividades.<\/p>\n\n\n\n<p>Um potencial colaborador pode esperar de n\u00f3s uma rela\u00e7\u00e3o baseada num permanente compromisso de exig\u00eancia, est\u00edmulo e respeito m\u00fatuos.<\/p>\n\n\n\n<p>A Gol FM realiza os seus processos de sele\u00e7\u00e3o e recrutamento mediante v\u00e1rias formas, nomeadamente:<\/p>\n\n\n\n<ul class=\"wp-block-list\">\n<li><strong>Oferta de Emprego:<\/strong>&nbsp;oferta de posi\u00e7\u00f5es que visam o preenchimento de vagas existentes ao n\u00edvel das diferentes \u00e1reas e sectores de neg\u00f3cios, pretendendo colmatar as necessidades efetivas de recursos humanos de cada divis\u00e3o da empresa;<\/li>\n\n\n\n<li><strong>Programa de Est\u00e1gios:<\/strong>&nbsp;oferta de est\u00e1gios curriculares e profissionais que visam o interc\u00e2mbio de experi\u00eancia e conhecimento entre os formandos e a empresa;<\/li>\n\n\n\n<li><strong>Candidatura Espont\u00e2nea<\/strong>: an\u00e1lise de candidaturas espont\u00e2neas que nos sejam remetidas e sua considera\u00e7\u00e3o no processo de preenchimento de vagas existentes em cada divis\u00e3o da empresa ou em empresas do mesmo universo.<\/li>\n<\/ul>\n\n\n\n<p>Se considera que se enquadra no perfil de colaborador de procuramos e partilha dos valores praticados pela Gol FM, se tem paix\u00e3o por alguma das \u00e1reas de neg\u00f3cio que desenvolvemos, se tem sentido de responsabilidade e compromisso e uma permanente vontade de aprendizagem e desenvolvimento, envie-nos o seu Curriculum Vitae e Carta de Motiva\u00e7\u00e3o para\u00a0contato@golfm.com.br<\/p>\n","protected":false},"excerpt":{"rendered":"<p>Um dos pontos fulcrais da estrat\u00e9gia da Gol FM \u00e9 ser um empregador atrativo nos v\u00e1rios sectores de neg\u00f3cio que desenvolve. Para alcan\u00e7ar este objetivo a Gol FM cumpre a responsabilidade para com os seus colaboradores atrav\u00e9s de uma gest\u00e3o de recursos humanos que promove a sa\u00fade, compet\u00eancias e dedica\u00e7\u00e3o de cada indiv\u00edduo. Promovemos uma [&hellip;]<\/p>\n","protected":false},"author":1,"featured_media":0,"parent":0,"menu_order":4,"comment_status":"closed","ping_status":"closed","template":"","meta":{"footnotes":""},"class_list":["post-204943","page","type-page","status-publish","hentry"],"acf":[],"_links":{"self":[{"href":"https:\/\/golfm.com.br\/index.php?rest_route=\/wp\/v2\/pages\/204943","targetHints":{"allow":["GET"]}}],"collection":[{"href":"https:\/\/golfm.com.br\/index.php?rest_route=\/wp\/v2\/pages"}],"about":[{"href":"https:\/\/golfm.com.br\/index.php?rest_route=\/wp\/v2\/types\/page"}],"author":[{"embeddable":true,"href":"https:\/\/golfm.com.br\/index.php?rest_route=\/wp\/v2\/users\/1"}],"replies":[{"embeddable":true,"href":"https:\/\/golfm.com.br\/index.php?rest_route=%2Fwp%2Fv2%2Fcomments&post=204943"}],"version-history":[{"count":3,"href":"https:\/\/golfm.com.br\/index.php?rest_route=\/wp\/v2\/pages\/204943\/revisions"}],"predecessor-version":[{"id":205048,"href":"https:\/\/golfm.com.br\/index.php?rest_route=\/wp\/v2\/pages\/204943\/revisions\/205048"}],"wp:attachment":[{"href":"https:\/\/golfm.com.br\/index.php?rest_route=%2Fwp%2Fv2%2Fmedia&parent=204943"}],"curies":[{"name":"wp","href":"https:\/\/api.w.org\/{rel}","templated":true}]}}